{"id":1266,"date":"2019-02-25T14:26:02","date_gmt":"2019-02-25T17:26:02","guid":{"rendered":"http:\/\/10.44.205.4\/wp\/ionut\/colibri_pro_movers\/?page_id=3"},"modified":"2023-09-11T21:33:32","modified_gmt":"2023-09-12T00:33:32","slug":"privacy-policy","status":"publish","type":"page","link":"https:\/\/petsmenu.com.br\/?page_id=1266","title":{"rendered":"Pol\u00edtica de privacidade"},"content":{"rendered":"<div data-colibri-id=\"1266-c1\" class=\"style-1004 style-local-1266-c1 position-relative\">\n  <!---->\n  <div data-colibri-component=\"section\" data-colibri-id=\"1266-c2\" id=\"initial-content\" class=\"h-section h-section-global-spacing d-flex align-items-lg-center align-items-md-center align-items-center style-1005 style-local-1266-c2 position-relative\">\n    <!---->\n    <!---->\n    <div class=\"h-section-grid-container h-section-boxed-container\">\n      <!---->\n      <div data-colibri-id=\"1266-c3\" class=\"h-row-container gutters-row-lg-2 gutters-row-md-2 gutters-row-0 gutters-row-v-lg-2 gutters-row-v-md-2 gutters-row-v-2 style-1006 style-local-1266-c3 position-relative\">\n        <!---->\n        <div class=\"h-row justify-content-lg-center justify-content-md-center justify-content-center align-items-lg-stretch align-items-md-stretch align-items-stretch gutters-col-lg-2 gutters-col-md-2 gutters-col-0 gutters-col-v-lg-2 gutters-col-v-md-2 gutters-col-v-2\">\n          <!---->\n          <div class=\"h-column h-column-container d-flex h-col-lg-auto h-col-md-auto h-col-auto style-1007-outer style-local-1266-c4-outer\">\n            <div data-colibri-id=\"1266-c4\" class=\"d-flex h-flex-basis h-column__inner h-px-lg-2 h-px-md-2 h-px-2 v-inner-lg-2 v-inner-md-2 v-inner-2 style-1007 style-local-1266-c4 position-relative\">\n              <!---->\n              <!---->\n              <div class=\"w-100 h-y-container h-column__content h-column__v-align flex-basis-100 align-self-lg-start align-self-md-start align-self-start\">\n                <!---->\n                <div data-colibri-id=\"1266-c5\" class=\"h-text h-text-component style-1010 style-local-1266-c5 position-relative h-element\">\n                  <!---->\n                  <!---->\n                  <div class=\"\">\n                    <p><strong>TERMOS DE USO E POL\u00cdTICA DE PRIVACIDADE<\/strong><\/p>\n                    <p><strong>Termos de Uso<\/strong><\/p>\n                    <p>A <strong>petsmenu.com.br<\/strong> \u00e9 uma p\u00e1gina de internet (site) com o objetivo de divulgar informa\u00e7\u00f5es sobre nutri\u00e7\u00e3o, para os tutores de c\u00e3es.<\/p>\n                    <p>Ao visitar para obter informa\u00e7\u00f5es e\/ou comprar alguma coisa neste site, voc\u00ea est\u00e1 utilizando nossos \u201cServi\u00e7os\u201d. Consequentemente, voc\u00ea concorda integralmente com os seguintes termos e condi\u00e7\u00f5es (\u201cTermos de servi\u00e7o\u201d, \u201cTermos\u201d), incluindo\n                      os termos e condi\u00e7\u00f5es indicados na pol\u00edtica de privacidade, mencionados neste documento e\/ou dispon\u00edveis por hyperlink. Esses Termos de servi\u00e7o se aplicam a todos os usu\u00e1rios do site, incluindo, sem limita\u00e7\u00e3o, os usu\u00e1rios que apenas\n                      visitam o site, usu\u00e1rios que querem obter informa\u00e7\u00f5es, fornecedores, clientes, lojistas e\/ou criadores de conte\u00fado.<\/p>\n                    <p>Desta forma, sugerimos a leitura desse documento com os &#8220;Termos de Servi\u00e7o&#8221;, cuidadosamente, antes de acessar ou utilizar o nosso site. Ao acessar ou usar qualquer parte do site, voc\u00ea implicitamente concorda com os &#8220;Termos de Servi\u00e7o&#8221;\n                      integralmente.<\/p>\n                    <p>Reservamos o direito de atualizar, alterar ou trocar qualquer parte desses Termos de servi\u00e7o ao publicar atualiza\u00e7\u00f5es e\/ou altera\u00e7\u00f5es no nosso site.<\/p>\n                    <p><strong>Aceita\u00e7\u00e3o dos Termos<\/strong><\/p>\n                    <p>Voc\u00ea n\u00e3o deve usar nossos produtos para qualquer fim ilegal ou n\u00e3o autorizado. Voc\u00ea tamb\u00e9m n\u00e3o pode, ao usufruir deste Servi\u00e7o, violar quaisquer leis em sua jurisdi\u00e7\u00e3o (incluindo, mas n\u00e3o limitado, a leis de direitos autorais).<\/p>\n                    <p>Voc\u00ea concorda em n\u00e3o reproduzir, duplicar, copiar, vender, revender ou explorar qualquer parte do Servi\u00e7o, uso do Servi\u00e7o, acesso ao Servi\u00e7o, ou qualquer contato no site atrav\u00e9s do qual o servi\u00e7o \u00e9 fornecido, sem nossa permiss\u00e3o expressa\n                      por escrito.<\/p>\n                    <p>O site cont\u00e9m receitas. Importante destacar que menores de idade ao preparar alimentos devem estar acompanhados de seus pais ou respons\u00e1veis. Ao utilizar o site, voc\u00ea declara que est\u00e1 em pleno gozo de suas faculdades mentais e aceita\n                      incondicionalmente todos os Termos de Servi\u00e7o.<\/p>\n                    <p><strong>Precis\u00e3o, integridade e atualiza\u00e7\u00e3o das informa\u00e7\u00f5es<\/strong><\/p>\n                    <p>Embora as informa\u00e7\u00f5es do site foram elaboradas ou revisadas por m\u00e9dicos veterin\u00e1rios e\/ou Especialistas, estas n\u00e3o podem ser consideradas como consultoria, atendimento cl\u00ednico ou atendimento t\u00e9cnico de qualquer natureza, tampouco deve-se\n                      usar estas informa\u00e7\u00f5es em substitui\u00e7\u00e3o \u00e0 consultas com m\u00e9dicos veterin\u00e1rios.<\/p>\n                    <p>O material desse site \u00e9 fornecido apenas para fins informativos e n\u00e3o deve ser usado como a \u00fanica base para tomar decis\u00f5es sem consultar fontes de informa\u00e7\u00f5es prim\u00e1rias, mais precisas, mais completas ou mais atuais. Qualquer utiliza\u00e7\u00e3o\n                      do material desse site \u00e9 por sua conta e risco.<\/p>\n                    <p>Esse site pode conter certas informa\u00e7\u00f5es hist\u00f3ricas, assim estas informa\u00e7\u00f5es podem n\u00e3o estar atualizadas e s\u00e3o fornecidas apenas para sua refer\u00eancia. Reservamos o direito de modificar o conte\u00fado desse site a qualquer momento, entretanto\n                      n\u00e3o temos obriga\u00e7\u00e3o de atualizar nenhuma informa\u00e7\u00e3o em nosso site. Voc\u00ea concorda que \u00e9 de sua responsabilidade sempre observar eventuais altera\u00e7\u00f5es no nosso site.<\/p>\n                    <p><strong>Propriedade Intelectual &#8211; Copyright\u00a9<\/strong><\/p>\n                    <p>Todo o conte\u00fado exibido neste site est\u00e1 protegido por direitos autorais ou outros direitos de propriedade intelectual.<\/p>\n                    <p>N\u00e3o \u00e9 permitida a reprodu\u00e7\u00e3o, a c\u00f3pia e\/ou distribui\u00e7\u00e3o, de forma integral ou parcial, das informa\u00e7\u00f5es, documentos, imagens ou qualquer texto contido neste site, sem a autoriza\u00e7\u00e3o pr\u00e9via devidamente formalizada.<\/p>\n                    <p>Todas as informa\u00e7\u00f5es contidas s\u00e3o protegidas pelas leis de propriedade intelectual, em especial a Lei n\u00ba 9.610\/1998.<\/p>\n                  <\/div>\n                <\/div>\n                <div data-colibri-id=\"1266-c6\" class=\"h-text h-text-component style-1009 style-local-1266-c6 position-relative h-element\">\n                  <!---->\n                  <!---->\n                  <div class=\"\">\n                    <p><strong>Pol\u00edtica de Privacidade<\/strong><\/p>\n                    <p>O dom\u00ednio&nbsp;<strong>petsmenu.com.br<\/strong>&nbsp;\u00e9 mantido e operado pela PROJJETO PRESTA\u00c7\u00c3O DE SERVI\u00c7OS LTDA para divulga\u00e7\u00e3o de informa\u00e7\u00f5es sobre alimenta\u00e7\u00e3o animal, produtos e servi\u00e7os.<\/p>\n                    <p>A Pol\u00edtica de Privacidade do site PETSMENU foi criada para demonstrar nosso compromisso em proteger a sua privacidade e seus dados pessoais, nos termos da Lei Geral de Prote\u00e7\u00e3o de Dados e demais leis em vig\u00eancia sobre este tema, assim\n                      como descrever como sua privacidade \u00e9 protegida e armazenada suas informa\u00e7\u00f5es pessoais.<\/p>\n                    <p><strong>Atualiza\u00e7\u00e3o: Agosto de 2023<\/strong><\/p>\n                    <p><strong>1 \u2013 O que \u00e9 armazenado de voc\u00ea<\/strong><\/p>\n                    <p>A PROJJETO \u00e9 a propriet\u00e1ria e controladora do site de dom\u00ednio petsmenu.com.br.<\/p>\n                    <p>Ao navegar pelo nosso site, s\u00e3o armazenados COOKIES para armazenar suas prefer\u00eancias, seja para uma \u00fanica visita (por meio de um \u2018cookie de sess\u00e3o\u2019) ou para v\u00e1rias visitas repetidas (usando \u2018COOKIES persistente\u2019). OS COOKIES garantem\n                      uma melhor experi\u00eancia para os visitantes.<\/p>\n                    <p>Antes do primeiro acesso \u00e0 nossa plataforma digital, solicitaremos o seu consentimento para a utiliza\u00e7\u00e3o de cookies n\u00e3o inseridos na classifica\u00e7\u00e3o de essenciais para a disponibiliza\u00e7\u00e3o de nosso site.<\/p>\n                    <p>Durante sua navega\u00e7\u00e3o, s\u00e3o armazenados os dados de sua visita, como por exemplo o endere\u00e7o de IP, vers\u00e3o do sistema operacional e do Navegador. Esta captura \u00e9 realizada&nbsp;apenas para efeitos de estat\u00edsticas de visita\u00e7\u00e3o, por ferramentas\n                      como o Google Analytics\u00ae.<\/p>\n                    <p>Nenhuma informa\u00e7\u00e3o com de dados pessoais \u00e9 capturada durante a navega\u00e7\u00e3o, exceto quando os dados s\u00e3o fornecidos para cadastro, especificamente em telas de cadastro on-line, para fins de contato e\/ou para a obten\u00e7\u00e3o de informa\u00e7\u00f5es adicionais,\n                      livros eletr\u00f4nicos (e-books), noticias ou demais informa\u00e7\u00f5es sobre nossos produtos ou servi\u00e7os, assim, ao navegar se d\u00e1 ci\u00eancia e a aceita\u00e7\u00e3o do uso de cookies e do armazenamento de informa\u00e7\u00f5es de navega\u00e7\u00e3o para finalidades de estat\u00edsticas.<\/p>\n                    <p>O visitante poder\u00e1 se opor ao registro de cookies pelo site, bastando que desative esta op\u00e7\u00e3o no seu pr\u00f3prio navegador. Entretanto, a desativa\u00e7\u00e3o dos cookies pode afetar a disponibilidade de algumas ferramentas e funcionalidades do\n                      site, comprometendo seu correto e esperado funcionamento. Outra consequ\u00eancia poss\u00edvel \u00e9 remo\u00e7\u00e3o das prefer\u00eancias do usu\u00e1rio que eventualmente tiverem sido salvas, prejudicando sua experi\u00eancia ao navegar no site.<\/p>\n                    <p><strong>2 \u2013 Informa\u00e7\u00f5es de Cadastro \u201con-line\u201d<\/strong><\/p>\n                    <p>O cadastro de \u201con-line\u201d \u00e9 utilizado para solicitar informa\u00e7\u00f5es sobre produtos, sobre produtos e tamb\u00e9m para solicitar informa\u00e7\u00f5es. O cadastro solicita apenas dados para contato, como nome, email e telefone. Dados como CPF, endere\u00e7o\n                      e demais informa\u00e7\u00f5es sens\u00edveis n\u00e3o s\u00e3o coletadas OU solicitadas.&nbsp;<\/p>\n                    <p>A coleta e a utiliza\u00e7\u00e3o de dados pessoais sens\u00edveis somente ser\u00e1 feita com o consentimento espec\u00edfico do interessado ao imputar os dados no formul\u00e1rio, assim, ao preencher os formul\u00e1rios de cadastro \u201con-line\u201d o visitante autoriza e\n                      est\u00e1 ciente que poder\u00e1 receber informa\u00e7\u00f5es e contatos pelos meios que foram informados.<\/p>\n                    <p><strong>3. Por que precisamos destes dados?<\/strong><\/p>\n                    <p>Nunca coletaremos dados pessoais desnecess\u00e1rios e n\u00e3o trataremos suas informa\u00e7\u00f5es de quaisquer outras formas que n\u00e3o as especificadas neste Aviso.<\/p>\n                    <p>Precisamos de seus dados pessoais para fornecer os seguintes servi\u00e7os:<\/p>\n                    <ol>\n                      <li>Envio de informa\u00e7\u00f5es por meio de documentos como livros eletr\u00f4nicos (e-Books)<\/li>\n                      <li>Envio de not\u00edcias que possam ser de seu interesse, como por exemplo, a ocorr\u00eancia de novos eventos;<\/li>\n                      <li>Para cumprimento de obriga\u00e7\u00f5es legais;<\/li>\n                      <li>Para prestar informa\u00e7\u00f5es; e<\/li>\n                      <li>Na loja para os casos de venda de produtos (e-Commerce).<\/li>\n                    <\/ol>\n                    <p><strong>4 \u2013 O que fazemos com seus dados<\/strong><\/p>\n                    <p>Seus dados pessoais s\u00e3o tratados no Brasil. Quando o Usu\u00e1rio preenche o formul\u00e1rio oferecido pela PROJJETO no site por ela operado, os Dados Pessoais solicitados ser\u00e3o mantidos em sigilo e ser\u00e3o utilizadas apenas para o prop\u00f3sito que\n                      motivou o cadastro.<\/p>\n                    <p><strong>5 \u2013 Compartilhamento de dados<\/strong><\/p>\n                    <p>A PROJJETO n\u00e3o realiza o compartilhamento de suas informa\u00e7\u00f5es pessoais.<\/p>\n                    <p>Importante destacar que seus dados n\u00e3o ser\u00e3o compartilhados com outras empresas, ou seja, nenhum fornecedor terceirizado tem acesso aos seus dados, a menos que: (i) solicita\u00e7\u00e3o de autoridade competente; (i) quando determinado judicialmente\n                      ou administrativamente; (iii) em caso de cumprimento de uma obriga\u00e7\u00e3o legal; ou (iv) quando necess\u00e1rio para a presta\u00e7\u00e3o dos servi\u00e7os contratados, mediante pr\u00e9via comunica\u00e7\u00e3o.<\/p>\n                    <p><strong>6 \u2013 Seu direito de exclus\u00e3o de cadastro.<\/strong><\/p>\n                    <p>Se acreditar que qualquer dado pessoal fornecido est\u00e1 incorreto ou incompleto, voc\u00ea tem o direito de alterar os dados, corrigi-los ou t\u00ea-los exclu\u00eddos, caso n\u00e3o queira mais receber informa\u00e7\u00f5es, conforme Lei Federal n. 13.709\/2018 (Lei\n                      Geral de Prote\u00e7\u00e3o de Dados Pessoais \u2013 LGPD).<\/p>\n                    <p><strong>DPO \u2013 Data Protection Officer<\/strong><\/p>\n                    <p>Caso deseje mais informa\u00e7\u00f5es sobre o tratamento de seus dados, solicitar o cancelamento de cadastro ou ainda elogiar ou reclamar sobre como tratamos seus dados pessoais, entre em contato com a o encarregado de prote\u00e7\u00e3o de dados por\n                      meio do e-mail:<\/p>\n                    <p>dpo@projjeto.com<\/p>\n                    <p><strong>7 \u2013 Por quanto tempo n\u00f3s mantemos seus dados pessoais<\/strong><\/p>\n                    <p>N\u00f3s mantemos seus dados pessoais apenas pelo tempo que for necess\u00e1rio para atingir as finalidades, sendo que mantemos rigorosas pol\u00edticas de revis\u00e3o e reten\u00e7\u00e3o em vigor para cumprir essas obriga\u00e7\u00f5es.<\/p>\n                    <p>Quaisquer dados pessoais mantidos por n\u00f3s para notifica\u00e7\u00f5es de marketing e atualiza\u00e7\u00e3o de servi\u00e7os ser\u00e3o mantidos at\u00e9 que sejamos notificados de que n\u00e3o deseja mais receber essas informa\u00e7\u00f5es. Caso seja solicitado a exclus\u00e3o\/cancelamento\n                      do cadastro, seus dados pessoais ser\u00e3o irreversivelmente destru\u00eddos.<\/p>\n                    <p><strong>8 \u2013 Medidas de Prote\u00e7\u00e3o de Dados<\/strong><\/p>\n                    <p>N\u00f3s levamos a privacidade a s\u00e9rio e tomamos todas as medidas e precau\u00e7\u00f5es razo\u00e1veis para proteger seus dados pessoais.<\/p>\n                    <p>Nossa empresa n\u00e3o armazena dados banc\u00e1rios, senhas ou qualquer informa\u00e7\u00e3o sens\u00edvel, al\u00e9m dos dados informados nos formul\u00e1rios de cadastro para informa\u00e7\u00f5es adicionais.<\/p>\n                    <p>Mantemos processos e sistemas para proteger seus dados pessoais contra uso indevido, contra acesso n\u00e3o autorizado, divulga\u00e7\u00e3o a terceiros, altera\u00e7\u00e3o acidental ou il\u00edcita.<\/p>\n                    <p>Em conformidade ao art. 48 da Lei n\u00ba 13.709, a PROJJETO comunicar\u00e1 ao Titular e \u00e0 Autoridade Nacional de Prote\u00e7\u00e3o de Dados (ANPD) \u00e0 ocorr\u00eancia de incidente de seguran\u00e7a que possa acarretar risco ou dano relevante ao Titular.<\/p>\n                    <p><strong>9 \u2013 Encarregado de Prote\u00e7\u00e3o de Dados<\/strong><\/p>\n                    <p>O encarregado de prote\u00e7\u00e3o de dados ou DPO (data protection officer) \u00e9 o profissional encarregado para verificar o alinhamento das pol\u00edticas da empresa com as leis que protegem os dados pessoais , pelos processos de tratamento e seguran\u00e7a\n                      das informa\u00e7\u00f5es e dos dados, bem como verificar as pol\u00edticas de acesso, nos termos da LGPD. O contato do DPO da PROJJETO \u00e9:<\/p>\n                    <p>dpo@projjeto.com<\/p>\n                    <p><strong>10 \u2013 Altera\u00e7\u00f5es nesta Politica<\/strong>&nbsp;Reservamo-nos o direito de modificar, a qualquer momento, as presentes normas, especialmente para adapt\u00e1-las \u00e0s eventuais altera\u00e7\u00f5es de normas e leis, melhorias e altera\u00e7\u00f5es feitas\n                      em nosso site, seja pela disponibiliza\u00e7\u00e3o de novas funcionalidades, seja pela supress\u00e3o ou modifica\u00e7\u00e3o daquelas j\u00e1 existentes.<\/p>\n                    <p>\n                      <br>\n                    <\/p>\n                  <\/div>\n                <\/div>\n              <\/div>\n            <\/div>\n          <\/div>\n        <\/div>\n      <\/div>\n    <\/div>\n  <\/div>\n<\/div>","protected":false},"excerpt":{"rendered":"<p>TERMOS DE USO E POL\u00cdTICA DE PRIVACIDADE Termos de Uso A petsmenu.com.br \u00e9 uma p\u00e1gina de internet (site) com o objetivo de divulgar informa\u00e7\u00f5es sobre nutri\u00e7\u00e3o, para os tutores de c\u00e3es. Ao visitar para obter informa\u00e7\u00f5es e\/ou comprar alguma coisa neste site, voc\u00ea est\u00e1 utilizando nossos \u201cServi\u00e7os\u201d. Consequentemente, voc\u00ea concorda integralmente com os seguintes termos [&hellip;]<\/p>\n","protected":false},"author":1,"featured_media":0,"parent":0,"menu_order":0,"comment_status":"closed","ping_status":"closed","template":"page-templates\/full-width-page.php","meta":{"footnotes":""},"class_list":["post-1266","page","type-page","status-publish","hentry"],"_links":{"self":[{"href":"https:\/\/petsmenu.com.br\/index.php?rest_route=\/wp\/v2\/pages\/1266","targetHints":{"allow":["GET"]}}],"collection":[{"href":"https:\/\/petsmenu.com.br\/index.php?rest_route=\/wp\/v2\/pages"}],"about":[{"href":"https:\/\/petsmenu.com.br\/index.php?rest_route=\/wp\/v2\/types\/page"}],"author":[{"embeddable":true,"href":"https:\/\/petsmenu.com.br\/index.php?rest_route=\/wp\/v2\/users\/1"}],"replies":[{"embeddable":true,"href":"https:\/\/petsmenu.com.br\/index.php?rest_route=%2Fwp%2Fv2%2Fcomments&post=1266"}],"version-history":[{"count":9,"href":"https:\/\/petsmenu.com.br\/index.php?rest_route=\/wp\/v2\/pages\/1266\/revisions"}],"predecessor-version":[{"id":11364,"href":"https:\/\/petsmenu.com.br\/index.php?rest_route=\/wp\/v2\/pages\/1266\/revisions\/11364"}],"wp:attachment":[{"href":"https:\/\/petsmenu.com.br\/index.php?rest_route=%2Fwp%2Fv2%2Fmedia&parent=1266"}],"curies":[{"name":"wp","href":"https:\/\/api.w.org\/{rel}","templated":true}]}}