{"id":11514,"date":"2025-02-20T12:10:27","date_gmt":"2025-02-20T15:10:27","guid":{"rendered":"https:\/\/petsmenu.com.br\/?page_id=11514"},"modified":"2025-02-21T05:10:00","modified_gmt":"2025-02-21T08:10:00","slug":"cursos-e-ebooks","status":"publish","type":"page","link":"https:\/\/petsmenu.com.br\/?page_id=11514","title":{"rendered":"Cursos e Ebooks"},"content":{"rendered":"\n<div class=\"wp-block-columns is-layout-flex wp-container-core-columns-is-layout-9d6595d7 wp-block-columns-is-layout-flex\">\n<div class=\"wp-block-column is-layout-flow wp-block-column-is-layout-flow\"><figure class=\"wp-block-post-featured-image\"><img loading=\"lazy\" decoding=\"async\" width=\"1280\" height=\"720\" src=\"https:\/\/petsmenu.com.br\/wp-content\/uploads\/2025\/02\/6.png\" class=\"attachment-post-thumbnail size-post-thumbnail wp-post-image\" alt=\"\" style=\"object-fit:cover;\" srcset=\"https:\/\/petsmenu.com.br\/wp-content\/uploads\/2025\/02\/6.png 1280w, https:\/\/petsmenu.com.br\/wp-content\/uploads\/2025\/02\/6-300x169.png 300w, https:\/\/petsmenu.com.br\/wp-content\/uploads\/2025\/02\/6-1024x576.png 1024w, https:\/\/petsmenu.com.br\/wp-content\/uploads\/2025\/02\/6-768x432.png 768w\" sizes=\"auto, (max-width: 1280px) 100vw, 1280px\" \/><\/figure><\/div>\n\n\n\n<div class=\"wp-block-column is-layout-flow wp-block-column-is-layout-flow\">\n<figure class=\"wp-block-image size-large\"><img loading=\"lazy\" decoding=\"async\" width=\"1024\" height=\"576\" src=\"https:\/\/petsmenu.com.br\/wp-content\/uploads\/2025\/02\/Course-Thumbnail-1-1024x576.png\" alt=\"\" class=\"wp-image-11518\" srcset=\"https:\/\/petsmenu.com.br\/wp-content\/uploads\/2025\/02\/Course-Thumbnail-1-1024x576.png 1024w, https:\/\/petsmenu.com.br\/wp-content\/uploads\/2025\/02\/Course-Thumbnail-1-300x169.png 300w, https:\/\/petsmenu.com.br\/wp-content\/uploads\/2025\/02\/Course-Thumbnail-1-768x432.png 768w, https:\/\/petsmenu.com.br\/wp-content\/uploads\/2025\/02\/Course-Thumbnail-1.png 1280w\" sizes=\"auto, (max-width: 1024px) 100vw, 1024px\" \/><\/figure>\n<\/div>\n<\/div>\n\n\n\n<div class=\"wp-block-columns is-layout-flex wp-container-core-columns-is-layout-9d6595d7 wp-block-columns-is-layout-flex\">\n<div class=\"wp-block-column is-layout-flow wp-block-column-is-layout-flow\">\n<h2 class=\"wp-block-heading\">Alimenta\u00e7\u00e3o Natural &#8211; Guia Pr\u00e1tico <\/h2>\n\n\n\n<p>Quer oferecer uma alimenta\u00e7\u00e3o mais saud\u00e1vel e equilibrada para o seu c\u00e3o, mas n\u00e3o sabe por onde come\u00e7ar? Este Guia Pr\u00e1tico para uma Alimenta\u00e7\u00e3o Natural Balanceada foi criado para ajudar tutores a entenderem como oferecer refei\u00e7\u00f5es caseiras seguras, nutritivas e completas para seus pets. <\/p>\n\n\n\n<p>Al\u00e9m disso receba 2 B\u00f4nus Exclusivos: <\/p>\n\n\n\n<ul class=\"wp-block-list\">\n<li>Ebook sobre 10 Super alimentos para melhorar a alimentac\u0327a\u0303o do seu ca\u0303o <br><br><\/li>\n\n\n\n<li>Ebook de Como cozinhar e Armazenar a alimentac\u0327a\u0303o do seu pet de forma segura!<\/li>\n<\/ul>\n<\/div>\n\n\n\n<div class=\"wp-block-column is-layout-flow wp-block-column-is-layout-flow\">\n<h2 class=\"wp-block-heading\">Curso Petiscos &#8211; Dispon\u00edvel Em Breve<\/h2>\n\n\n\n<p>Descubra como preparar petiscos saud\u00e1veis e nutritivos para seu c\u00e3o! Neste curso, voc\u00ea aprender\u00e1 receitas f\u00e1ceis, seguras e balanceadas, utilizando ingredientes naturais para oferecer snacks saborosos que contribuem para a sa\u00fade e o bem-estar do seu pet.<\/p>\n\n\n\n<p>Al\u00e9m disso receba 3 B\u00f4nus Exclusivos:<\/p>\n\n\n\n<ul class=\"wp-block-list\">\n<li>Aula exclusiva sobre alimenta\u00e7\u00e3o natural e como balancear a dieta do seu pet de forma segura <br><\/li>\n\n\n\n<li>Super Ebook sobre a Dieta Canina &#8211; Aprenda tudo que voc\u00ea precisa saber sobre a dieta do seu c\u00e3o<\/li>\n<\/ul>\n<\/div>\n<\/div>\n\n\n\n<div class=\"wp-block-columns is-layout-flex wp-container-core-columns-is-layout-9d6595d7 wp-block-columns-is-layout-flex\">\n<div class=\"wp-block-column is-layout-flow wp-block-column-is-layout-flow\">\n<div class=\"wp-block-columns is-layout-flex wp-container-core-columns-is-layout-9d6595d7 wp-block-columns-is-layout-flex\">\n<div class=\"wp-block-column is-layout-flow wp-block-column-is-layout-flow\">\n<div class=\"wp-block-buttons is-content-justification-center is-layout-flex wp-container-core-buttons-is-layout-16018d1d wp-block-buttons-is-layout-flex\">\n<div class=\"wp-block-button is-style-fill\"><a class=\"wp-block-button__link has-background has-text-align-left wp-element-button\" href=\"https:\/\/annpetnutrition.my.canva.site\/guia-pratico-alimentacao-natural-balanceada\" style=\"background-color:#f26620\">Comprar<\/a><\/div>\n<\/div>\n<\/div>\n\n\n\n<div class=\"wp-block-column is-layout-flow wp-block-column-is-layout-flow\">\n<div class=\"wp-block-buttons is-content-justification-center is-layout-flex wp-container-core-buttons-is-layout-16018d1d wp-block-buttons-is-layout-flex\">\n<div class=\"wp-block-button\"><a class=\"wp-block-button__link has-background wp-element-button\" style=\"background-color:#f26620\">Em Breve<\/a><\/div>\n<\/div>\n<\/div>\n<\/div>\n<\/div>\n<\/div>\n\n\n\n<div class=\"wp-block-columns is-layout-flex wp-container-core-columns-is-layout-9d6595d7 wp-block-columns-is-layout-flex\">\n<div class=\"wp-block-column is-layout-flow wp-block-column-is-layout-flow\">\n<figure class=\"wp-block-image size-large\"><img loading=\"lazy\" decoding=\"async\" width=\"1024\" height=\"576\" src=\"http:\/\/petsmenu.com.br\/wp-content\/uploads\/2025\/02\/7-1024x576.png\" alt=\"\" class=\"wp-image-11520\" srcset=\"https:\/\/petsmenu.com.br\/wp-content\/uploads\/2025\/02\/7-1024x576.png 1024w, https:\/\/petsmenu.com.br\/wp-content\/uploads\/2025\/02\/7-300x169.png 300w, https:\/\/petsmenu.com.br\/wp-content\/uploads\/2025\/02\/7-768x432.png 768w, https:\/\/petsmenu.com.br\/wp-content\/uploads\/2025\/02\/7.png 1280w\" sizes=\"auto, (max-width: 1024px) 100vw, 1024px\" \/><\/figure>\n<\/div>\n\n\n\n<div class=\"wp-block-column is-layout-flow wp-block-column-is-layout-flow\"><\/div>\n<\/div>\n\n\n\n<div class=\"wp-block-columns is-layout-flex wp-container-core-columns-is-layout-9d6595d7 wp-block-columns-is-layout-flex\">\n<div class=\"wp-block-column is-layout-flow wp-block-column-is-layout-flow\">\n<h2 class=\"wp-block-heading\">Nutri\u00e7\u00e3o Canina <\/h2>\n\n\n\n<p>Descubra como oferecer uma alimenta\u00e7\u00e3o equilibrada e saud\u00e1vel para o seu c\u00e3o! Neste ebook, voc\u00ea aprender\u00e1 os princ\u00edpios fundamentais da nutri\u00e7\u00e3o canina, os nutrientes essenciais, como calcular a quantidade ideal de comida e ainda ter\u00e1 receitas pr\u00e1ticas para uma dieta caseira balanceada. Garanta mais sa\u00fade, longevidade e bem-estar para o seu melhor amigo!<\/p>\n<\/div>\n\n\n\n<div class=\"wp-block-column is-layout-flow wp-block-column-is-layout-flow\"><\/div>\n<\/div>\n\n\n\n<div class=\"wp-block-columns is-layout-flex wp-container-core-columns-is-layout-9d6595d7 wp-block-columns-is-layout-flex\">\n<div class=\"wp-block-column is-layout-flow wp-block-column-is-layout-flow\">\n<div class=\"wp-block-columns is-layout-flex wp-container-core-columns-is-layout-9d6595d7 wp-block-columns-is-layout-flex\">\n<div class=\"wp-block-column is-layout-flow wp-block-column-is-layout-flow\">\n<div class=\"wp-block-buttons is-content-justification-center is-layout-flex wp-container-core-buttons-is-layout-16018d1d wp-block-buttons-is-layout-flex\">\n<div class=\"wp-block-button\"><a class=\"wp-block-button__link has-background wp-element-button\" style=\"background-color:#f26620\">Em Breve<\/a><\/div>\n<\/div>\n<\/div>\n\n\n\n<div class=\"wp-block-column is-layout-flow wp-block-column-is-layout-flow\"><\/div>\n<\/div>\n<\/div>\n<\/div>\n\n\n\n<p><\/p>\n","protected":false},"excerpt":{"rendered":"<p>Alimenta\u00e7\u00e3o Natural &#8211; Guia Pr\u00e1tico Quer oferecer uma alimenta\u00e7\u00e3o mais saud\u00e1vel e equilibrada para o seu c\u00e3o, mas n\u00e3o sabe por onde come\u00e7ar? Este Guia Pr\u00e1tico para uma Alimenta\u00e7\u00e3o Natural Balanceada foi criado para ajudar tutores a entenderem como oferecer refei\u00e7\u00f5es caseiras seguras, nutritivas e completas para seus pets. Al\u00e9m disso receba 2 B\u00f4nus Exclusivos: [&hellip;]<\/p>\n","protected":false},"author":3,"featured_media":11519,"parent":0,"menu_order":0,"comment_status":"closed","ping_status":"closed","template":"","meta":{"footnotes":""},"class_list":["post-11514","page","type-page","status-publish","has-post-thumbnail","hentry"],"_links":{"self":[{"href":"https:\/\/petsmenu.com.br\/index.php?rest_route=\/wp\/v2\/pages\/11514","targetHints":{"allow":["GET"]}}],"collection":[{"href":"https:\/\/petsmenu.com.br\/index.php?rest_route=\/wp\/v2\/pages"}],"about":[{"href":"https:\/\/petsmenu.com.br\/index.php?rest_route=\/wp\/v2\/types\/page"}],"author":[{"embeddable":true,"href":"https:\/\/petsmenu.com.br\/index.php?rest_route=\/wp\/v2\/users\/3"}],"replies":[{"embeddable":true,"href":"https:\/\/petsmenu.com.br\/index.php?rest_route=%2Fwp%2Fv2%2Fcomments&post=11514"}],"version-history":[{"count":3,"href":"https:\/\/petsmenu.com.br\/index.php?rest_route=\/wp\/v2\/pages\/11514\/revisions"}],"predecessor-version":[{"id":11616,"href":"https:\/\/petsmenu.com.br\/index.php?rest_route=\/wp\/v2\/pages\/11514\/revisions\/11616"}],"wp:featuredmedia":[{"embeddable":true,"href":"https:\/\/petsmenu.com.br\/index.php?rest_route=\/wp\/v2\/media\/11519"}],"wp:attachment":[{"href":"https:\/\/petsmenu.com.br\/index.php?rest_route=%2Fwp%2Fv2%2Fmedia&parent=11514"}],"curies":[{"name":"wp","href":"https:\/\/api.w.org\/{rel}","templated":true}]}}